{"id":173,"date":"2022-05-27T20:58:11","date_gmt":"2022-05-27T20:58:11","guid":{"rendered":"https:\/\/bothmannspickups.dk\/?page_id=173"},"modified":"2022-10-10T18:15:13","modified_gmt":"2022-10-10T18:15:13","slug":"wide-range-humbucker","status":"publish","type":"page","link":"https:\/\/bothmannspickups.dk\/?page_id=173","title":{"rendered":"Wide Range Humbucker"},"content":{"rendered":"\n<figure class=\"wp-block-image aligncenter size-medium\"><img loading=\"lazy\" decoding=\"async\" width=\"300\" height=\"169\" src=\"https:\/\/bothmannspickups.dk\/wp-content\/uploads\/2022\/05\/Humbucker-WR-300x169.jpg\" alt=\"\" class=\"wp-image-174\" srcset=\"https:\/\/bothmannspickups.dk\/wp-content\/uploads\/2022\/05\/Humbucker-WR-300x169.jpg 300w, https:\/\/bothmannspickups.dk\/wp-content\/uploads\/2022\/05\/Humbucker-WR-1024x577.jpg 1024w, https:\/\/bothmannspickups.dk\/wp-content\/uploads\/2022\/05\/Humbucker-WR-768x433.jpg 768w, https:\/\/bothmannspickups.dk\/wp-content\/uploads\/2022\/05\/Humbucker-WR-1536x865.jpg 1536w, https:\/\/bothmannspickups.dk\/wp-content\/uploads\/2022\/05\/Humbucker-WR-2048x1154.jpg 2048w\" sizes=\"auto, (max-width: 300px) 100vw, 300px\" \/><\/figure>\n\n\n\n<p class=\"has-text-align-center\"><strong>Vores wide range humbuckers er opbygget p\u00e5 samme m\u00e5de som de originale Fender wide range humbuckers dog med FeCrCo og Alnico 3 magneter i stedet for CuNiFe som der sidder i originalen, da det kun er Fender der har adgang til disse magneter, men magnetstyrken er Ca. det samme og lyden er t\u00e6t p\u00e5 originalen. se evt. demoen <a rel=\"noreferrer noopener\" href=\"https:\/\/youtu.be\/e6L4cuMQpGg\" target=\"_blank\">her<\/a><\/strong> <strong>og <a href=\"https:\/\/www.youtube.com\/watch?v=MO27xEleZ6k\" target=\"_blank\" rel=\"noreferrer noopener\">her<\/a><\/strong>. <strong>Neck DCR 9,8Kohm, Bridge 10,6Kohm. Pris 900 Kr.<\/strong><\/p>\n\n\n\n<figure class=\"wp-block-image aligncenter size-medium\"><img loading=\"lazy\" decoding=\"async\" width=\"300\" height=\"225\" src=\"https:\/\/bothmannspickups.dk\/wp-content\/uploads\/2022\/05\/IMG_20201228_222135-300x225.jpg\" alt=\"\" class=\"wp-image-175\" srcset=\"https:\/\/bothmannspickups.dk\/wp-content\/uploads\/2022\/05\/IMG_20201228_222135-300x225.jpg 300w, https:\/\/bothmannspickups.dk\/wp-content\/uploads\/2022\/05\/IMG_20201228_222135-1024x768.jpg 1024w, https:\/\/bothmannspickups.dk\/wp-content\/uploads\/2022\/05\/IMG_20201228_222135-768x576.jpg 768w, https:\/\/bothmannspickups.dk\/wp-content\/uploads\/2022\/05\/IMG_20201228_222135-1536x1152.jpg 1536w, https:\/\/bothmannspickups.dk\/wp-content\/uploads\/2022\/05\/IMG_20201228_222135-2048x1536.jpg 2048w\" sizes=\"auto, (max-width: 300px) 100vw, 300px\" \/><\/figure>\n\n\n\n<p class=\"has-text-align-center\"><strong>Du kan ogs\u00e5 f\u00e5 ombygget din Fender 72 reissues. Hvor alt indmad bliver skiftet ud med nye bobbins (kobbertr\u00e5dsholdere) samme st\u00f8rrelse som de originale. en reflektor plade og med Alnico 3 magneter, der hvor de er d\u00e6kket af coveret og med FeCrCo skrue magneter der hvor de er synlige.<\/strong> <strong>Fordelen er at du beholder dit cover med logo p\u00e5. Pris 700Kr.<\/strong><\/p>\n\n\n\n<figure class=\"wp-block-image aligncenter size-medium\"><img loading=\"lazy\" decoding=\"async\" width=\"300\" height=\"195\" src=\"https:\/\/bothmannspickups.dk\/wp-content\/uploads\/2022\/05\/reissue-300x195.jpg\" alt=\"\" class=\"wp-image-176\" srcset=\"https:\/\/bothmannspickups.dk\/wp-content\/uploads\/2022\/05\/reissue-300x195.jpg 300w, https:\/\/bothmannspickups.dk\/wp-content\/uploads\/2022\/05\/reissue-1024x665.jpg 1024w, https:\/\/bothmannspickups.dk\/wp-content\/uploads\/2022\/05\/reissue-768x499.jpg 768w, https:\/\/bothmannspickups.dk\/wp-content\/uploads\/2022\/05\/reissue-1536x998.jpg 1536w, https:\/\/bothmannspickups.dk\/wp-content\/uploads\/2022\/05\/reissue-2048x1331.jpg 2048w\" sizes=\"auto, (max-width: 300px) 100vw, 300px\" \/><figcaption><strong>Reissue til venstre og ombygget til h\u00f8jre.<\/strong><\/figcaption><\/figure>\n","protected":false},"excerpt":{"rendered":"<p>Vores wide range humbuckers er opbygget p\u00e5 samme m\u00e5de som de originale Fender wide range humbuckers dog med FeCrCo og Alnico 3 magneter i stedet for CuNiFe som der sidder i originalen, da det kun er Fender der har adgang til disse magneter, men magnetstyrken er Ca. det samme og lyden er t\u00e6t p\u00e5 originalen. [&hellip;]<\/p>\n","protected":false},"author":1,"featured_media":0,"parent":0,"menu_order":0,"comment_status":"closed","ping_status":"closed","template":"","meta":{"footnotes":""},"class_list":["post-173","page","type-page","status-publish","hentry"],"_links":{"self":[{"href":"https:\/\/bothmannspickups.dk\/index.php?rest_route=\/wp\/v2\/pages\/173","targetHints":{"allow":["GET"]}}],"collection":[{"href":"https:\/\/bothmannspickups.dk\/index.php?rest_route=\/wp\/v2\/pages"}],"about":[{"href":"https:\/\/bothmannspickups.dk\/index.php?rest_route=\/wp\/v2\/types\/page"}],"author":[{"embeddable":true,"href":"https:\/\/bothmannspickups.dk\/index.php?rest_route=\/wp\/v2\/users\/1"}],"replies":[{"embeddable":true,"href":"https:\/\/bothmannspickups.dk\/index.php?rest_route=%2Fwp%2Fv2%2Fcomments&post=173"}],"version-history":[{"count":6,"href":"https:\/\/bothmannspickups.dk\/index.php?rest_route=\/wp\/v2\/pages\/173\/revisions"}],"predecessor-version":[{"id":197,"href":"https:\/\/bothmannspickups.dk\/index.php?rest_route=\/wp\/v2\/pages\/173\/revisions\/197"}],"wp:attachment":[{"href":"https:\/\/bothmannspickups.dk\/index.php?rest_route=%2Fwp%2Fv2%2Fmedia&parent=173"}],"curies":[{"name":"wp","href":"https:\/\/api.w.org\/{rel}","templated":true}]}}