{"id":2,"date":"2022-02-17T11:48:13","date_gmt":"2022-02-17T11:48:13","guid":{"rendered":"https:\/\/bothmannspickups.dk\/?page_id=2"},"modified":"2025-03-05T20:23:49","modified_gmt":"2025-03-05T20:23:49","slug":"telecaster","status":"publish","type":"page","link":"https:\/\/bothmannspickups.dk\/?page_id=2","title":{"rendered":"Telecaster"},"content":{"rendered":"\n<p class=\"has-text-align-center has-foreground-color has-text-color\"><\/p>\n\n\n\n<figure class=\"wp-block-image aligncenter size-medium\"><img loading=\"lazy\" decoding=\"async\" width=\"300\" height=\"159\" src=\"https:\/\/bothmannspickups.dk\/wp-content\/uploads\/2022\/04\/classic-tele-300x159.jpg\" alt=\"\" class=\"wp-image-43\" srcset=\"https:\/\/bothmannspickups.dk\/wp-content\/uploads\/2022\/04\/classic-tele-300x159.jpg 300w, https:\/\/bothmannspickups.dk\/wp-content\/uploads\/2022\/04\/classic-tele-1024x542.jpg 1024w, https:\/\/bothmannspickups.dk\/wp-content\/uploads\/2022\/04\/classic-tele-768x406.jpg 768w, https:\/\/bothmannspickups.dk\/wp-content\/uploads\/2022\/04\/classic-tele-1536x812.jpg 1536w, https:\/\/bothmannspickups.dk\/wp-content\/uploads\/2022\/04\/classic-tele-2048x1083.jpg 2048w\" sizes=\"auto, (max-width: 300px) 100vw, 300px\" \/><figcaption><strong>Classic <\/strong><\/figcaption><\/figure>\n\n\n\n<p class=\"has-text-align-center\"><strong>Vores classic telecaster pickupper er som skrevet et klassisk telecaster pickup s\u00e6t. som med sine alnico 5 magneter og en neck p\u00e5 7,2 Kohm og en brigde p\u00e5 6,8Kohm lyder pr\u00e6cis s\u00e5dan som en telecaster skal lyde med den klassiske twang lyd.  Se demo <a rel=\"noreferrer noopener\" href=\"https:\/\/youtu.be\/tgksRMNdwR4\" target=\"_blank\">her<\/a>                        pris 500 kr stk.<\/strong><\/p>\n\n\n\n<figure class=\"wp-block-image aligncenter size-medium\"><img loading=\"lazy\" decoding=\"async\" width=\"300\" height=\"169\" src=\"https:\/\/bothmannspickups.dk\/wp-content\/uploads\/2022\/04\/Telepickupper-300x169.jpg\" alt=\"\" class=\"wp-image-148\" srcset=\"https:\/\/bothmannspickups.dk\/wp-content\/uploads\/2022\/04\/Telepickupper-300x169.jpg 300w, https:\/\/bothmannspickups.dk\/wp-content\/uploads\/2022\/04\/Telepickupper-1024x577.jpg 1024w, https:\/\/bothmannspickups.dk\/wp-content\/uploads\/2022\/04\/Telepickupper-768x433.jpg 768w, https:\/\/bothmannspickups.dk\/wp-content\/uploads\/2022\/04\/Telepickupper-1536x865.jpg 1536w, https:\/\/bothmannspickups.dk\/wp-content\/uploads\/2022\/04\/Telepickupper-2048x1154.jpg 2048w\" sizes=\"auto, (max-width: 300px) 100vw, 300px\" \/><figcaption><strong>Vintage <\/strong><\/figcaption><\/figure>\n\n\n\n<p class=\"has-text-align-center\"><strong>Hvis du godt kunne t\u00e6nke dig en lidt mere vintage tele lyd er dette s\u00e6t m\u00e5ske noget for dig, med alnico 2 magneter og en neck p\u00e5 7,3Kohm og en bridge p\u00e5 6,9Kohm f\u00e5r du en tele lyd med en minde skarp diskant uden at give afkald p\u00e5 twang. <\/strong>                                      <strong>pris 500 kr stk.<\/strong><\/p>\n\n\n\n<figure class=\"wp-block-image aligncenter size-medium is-resized\"><img loading=\"lazy\" decoding=\"async\" src=\"https:\/\/bothmannspickups.dk\/wp-content\/uploads\/2022\/04\/DK-Special-300x223.jpg\" alt=\"\" class=\"wp-image-147\" width=\"313\" height=\"233\" srcset=\"https:\/\/bothmannspickups.dk\/wp-content\/uploads\/2022\/04\/DK-Special-300x223.jpg 300w, https:\/\/bothmannspickups.dk\/wp-content\/uploads\/2022\/04\/DK-Special-768x572.jpg 768w, https:\/\/bothmannspickups.dk\/wp-content\/uploads\/2022\/04\/DK-Special.jpg 862w\" sizes=\"auto, (max-width: 313px) 100vw, 313px\" \/><figcaption><strong>DK-Special<\/strong><\/figcaption><\/figure>\n\n\n\n<p class=\"has-text-align-center\"><strong> DK-Special er vores High output tele s\u00e6t, med en neck pickup p\u00e5 9,5Kohm og en bridge pickup p\u00e5 10,5kohm og udstyreret med alnico 5 magneter. neck pickuppen giver en ren, varm telecaster lyd og bridge pickuppen lidt mere mellemtone end standard telepickupper, men har stadigv\u00e6k masser af twang. er rigtig god til Blues, Rock, Classic Rock, Country, og Pop.<\/strong> <strong>Neck pickuppen er udstyret med 3 ledninger s\u00e5 den kan bruges p\u00e5 en 4 vejs switch hvis man \u00f8nsker dette.                                                                           pris 500 kr stk.<\/strong><\/p>\n\n\n\n<p><\/p>\n\n\n\n<figure class=\"wp-block-image aligncenter size-medium\"><img loading=\"lazy\" decoding=\"async\" width=\"300\" height=\"300\" src=\"https:\/\/bothmannspickups.dk\/wp-content\/uploads\/2022\/04\/relic1-300x300.jpg\" alt=\"\" class=\"wp-image-142\" srcset=\"https:\/\/bothmannspickups.dk\/wp-content\/uploads\/2022\/04\/relic1-300x300.jpg 300w, https:\/\/bothmannspickups.dk\/wp-content\/uploads\/2022\/04\/relic1-150x150.jpg 150w, https:\/\/bothmannspickups.dk\/wp-content\/uploads\/2022\/04\/relic1-768x766.jpg 768w, https:\/\/bothmannspickups.dk\/wp-content\/uploads\/2022\/04\/relic1.jpg 941w\" sizes=\"auto, (max-width: 300px) 100vw, 300px\" \/><figcaption><strong>Relic + 150Kr<\/strong><\/figcaption><\/figure>\n\n\n\n<p><\/p>\n","protected":false},"excerpt":{"rendered":"<p>Vores classic telecaster pickupper er som skrevet et klassisk telecaster pickup s\u00e6t. som med sine alnico 5 magneter og en neck p\u00e5 7,2 Kohm og en brigde p\u00e5 6,8Kohm lyder pr\u00e6cis s\u00e5dan som en telecaster skal lyde med den klassiske twang lyd. Se demo her pris 500 kr stk. Hvis du godt kunne t\u00e6nke dig [&hellip;]<\/p>\n","protected":false},"author":1,"featured_media":0,"parent":0,"menu_order":0,"comment_status":"closed","ping_status":"closed","template":"","meta":{"footnotes":""},"class_list":["post-2","page","type-page","status-publish","hentry"],"_links":{"self":[{"href":"https:\/\/bothmannspickups.dk\/index.php?rest_route=\/wp\/v2\/pages\/2","targetHints":{"allow":["GET"]}}],"collection":[{"href":"https:\/\/bothmannspickups.dk\/index.php?rest_route=\/wp\/v2\/pages"}],"about":[{"href":"https:\/\/bothmannspickups.dk\/index.php?rest_route=\/wp\/v2\/types\/page"}],"author":[{"embeddable":true,"href":"https:\/\/bothmannspickups.dk\/index.php?rest_route=\/wp\/v2\/users\/1"}],"replies":[{"embeddable":true,"href":"https:\/\/bothmannspickups.dk\/index.php?rest_route=%2Fwp%2Fv2%2Fcomments&post=2"}],"version-history":[{"count":11,"href":"https:\/\/bothmannspickups.dk\/index.php?rest_route=\/wp\/v2\/pages\/2\/revisions"}],"predecessor-version":[{"id":193,"href":"https:\/\/bothmannspickups.dk\/index.php?rest_route=\/wp\/v2\/pages\/2\/revisions\/193"}],"wp:attachment":[{"href":"https:\/\/bothmannspickups.dk\/index.php?rest_route=%2Fwp%2Fv2%2Fmedia&parent=2"}],"curies":[{"name":"wp","href":"https:\/\/api.w.org\/{rel}","templated":true}]}}