{"id":290,"date":"2025-03-05T20:31:00","date_gmt":"2025-03-05T20:31:00","guid":{"rendered":"https:\/\/bothmannspickups.dk\/?page_id=290"},"modified":"2026-01-31T20:45:52","modified_gmt":"2026-01-31T20:45:52","slug":"stratocaster","status":"publish","type":"page","link":"https:\/\/bothmannspickups.dk\/?page_id=290","title":{"rendered":"Stratocaster"},"content":{"rendered":"\n<figure class=\"wp-block-image aligncenter size-medium\"><img loading=\"lazy\" decoding=\"async\" width=\"300\" height=\"225\" src=\"https:\/\/bothmannspickups.dk\/wp-content\/uploads\/2025\/03\/stratpickup-1-300x225.jpg\" alt=\"\" class=\"wp-image-296\" srcset=\"https:\/\/bothmannspickups.dk\/wp-content\/uploads\/2025\/03\/stratpickup-1-300x225.jpg 300w, https:\/\/bothmannspickups.dk\/wp-content\/uploads\/2025\/03\/stratpickup-1-1024x768.jpg 1024w, https:\/\/bothmannspickups.dk\/wp-content\/uploads\/2025\/03\/stratpickup-1-768x576.jpg 768w, https:\/\/bothmannspickups.dk\/wp-content\/uploads\/2025\/03\/stratpickup-1-1536x1152.jpg 1536w, https:\/\/bothmannspickups.dk\/wp-content\/uploads\/2025\/03\/stratpickup-1.jpg 1920w\" sizes=\"auto, (max-width: 300px) 100vw, 300px\" \/><figcaption class=\"wp-element-caption\"><strong>Classic Punch<\/strong><\/figcaption><\/figure>\n\n\n\n<p class=\"has-text-align-center\">Bothmann&#8217;s Pickups Classic Punch, Et s\u00e6t h\u00e5ndviklede single coil s\u00e6t fra danske Bothmann&#8217;s Pickups. Neck 6,8Kohm, mid 7.1Kohm og bridge 7,3Kohm. et s\u00e6t med den en mere punchy strat lyd og gain. Pickupperne er viklet RWRP s\u00e5 der er noiseless i potion 2 og 4.<\/p>\n\n\n\n<p class=\"has-text-align-center\">Pris: 400 pr. pickup. <\/p>\n\n\n\n<p><\/p>\n\n\n\n<figure class=\"wp-block-image aligncenter size-medium is-resized\"><img loading=\"lazy\" decoding=\"async\" width=\"300\" height=\"233\" src=\"https:\/\/bothmannspickups.dk\/wp-content\/uploads\/2025\/03\/vintag-300x233.jpg\" alt=\"\" class=\"wp-image-298\" style=\"width:303px;height:auto\" srcset=\"https:\/\/bothmannspickups.dk\/wp-content\/uploads\/2025\/03\/vintag-300x233.jpg 300w, https:\/\/bothmannspickups.dk\/wp-content\/uploads\/2025\/03\/vintag-1024x796.jpg 1024w, https:\/\/bothmannspickups.dk\/wp-content\/uploads\/2025\/03\/vintag-768x597.jpg 768w, https:\/\/bothmannspickups.dk\/wp-content\/uploads\/2025\/03\/vintag-1536x1194.jpg 1536w, https:\/\/bothmannspickups.dk\/wp-content\/uploads\/2025\/03\/vintag.jpg 1920w\" sizes=\"auto, (max-width: 300px) 100vw, 300px\" \/><figcaption class=\"wp-element-caption\"><strong>Vintage Black bottom<\/strong><\/figcaption><\/figure>\n\n\n\n<p class=\"has-text-align-center\">Et s\u00e6t h\u00e5ndviklet stratocaster pickupper med vintage specs. Neck 5,9Kohm middel 6Kohm og bridge 6,1Kohm. her f\u00e5r du den helt rigtige vintage lyd som den l\u00f8d i midt 60&#8217;erne. Pickupperne er viklet RWRP s\u00e5 der er noiseless i potion 2 og 4<\/p>\n\n\n\n<p class=\"has-text-align-center\">Pris: 400 pr. pickup. <\/p>\n","protected":false},"excerpt":{"rendered":"<p>Bothmann&#8217;s Pickups Classic Punch, Et s\u00e6t h\u00e5ndviklede single coil s\u00e6t fra danske Bothmann&#8217;s Pickups. Neck 6,8Kohm, mid 7.1Kohm og bridge 7,3Kohm. et s\u00e6t med den en mere punchy strat lyd og gain. Pickupperne er viklet RWRP s\u00e5 der er noiseless i potion 2 og 4. Pris: 400 pr. pickup. Et s\u00e6t h\u00e5ndviklet stratocaster pickupper med [&hellip;]<\/p>\n","protected":false},"author":1,"featured_media":0,"parent":0,"menu_order":0,"comment_status":"closed","ping_status":"closed","template":"","meta":{"footnotes":""},"class_list":["post-290","page","type-page","status-publish","hentry"],"_links":{"self":[{"href":"https:\/\/bothmannspickups.dk\/index.php?rest_route=\/wp\/v2\/pages\/290","targetHints":{"allow":["GET"]}}],"collection":[{"href":"https:\/\/bothmannspickups.dk\/index.php?rest_route=\/wp\/v2\/pages"}],"about":[{"href":"https:\/\/bothmannspickups.dk\/index.php?rest_route=\/wp\/v2\/types\/page"}],"author":[{"embeddable":true,"href":"https:\/\/bothmannspickups.dk\/index.php?rest_route=\/wp\/v2\/users\/1"}],"replies":[{"embeddable":true,"href":"https:\/\/bothmannspickups.dk\/index.php?rest_route=%2Fwp%2Fv2%2Fcomments&post=290"}],"version-history":[{"count":5,"href":"https:\/\/bothmannspickups.dk\/index.php?rest_route=\/wp\/v2\/pages\/290\/revisions"}],"predecessor-version":[{"id":316,"href":"https:\/\/bothmannspickups.dk\/index.php?rest_route=\/wp\/v2\/pages\/290\/revisions\/316"}],"wp:attachment":[{"href":"https:\/\/bothmannspickups.dk\/index.php?rest_route=%2Fwp%2Fv2%2Fmedia&parent=290"}],"curies":[{"name":"wp","href":"https:\/\/api.w.org\/{rel}","templated":true}]}}