{"id":76,"date":"2022-04-19T07:06:39","date_gmt":"2022-04-19T07:06:39","guid":{"rendered":"https:\/\/bothmannspickups.dk\/?page_id=76"},"modified":"2024-04-17T11:35:52","modified_gmt":"2024-04-17T11:35:52","slug":"humbuckers","status":"publish","type":"page","link":"https:\/\/bothmannspickups.dk\/?page_id=76","title":{"rendered":"Humbuckers"},"content":{"rendered":"\n<figure class=\"wp-block-image aligncenter size-medium\"><img loading=\"lazy\" decoding=\"async\" width=\"300\" height=\"300\" src=\"https:\/\/bothmannspickups.dk\/wp-content\/uploads\/2022\/04\/186553413_294838815503958_8297606157512586450_n-300x300.jpg\" alt=\"Dette er vores version af en super Distortion. med en keramisk magnet og en DCR p\u00e5 13,4Kohm er denne bridge pickup velegnet fra rock til den tungeste metal. f\u00e5s i farverne hvid, sort, creme, zebra eller reverse zebra, med enten sort eller nikkel skruer. pris 600 kr.\" class=\"wp-image-86\" srcset=\"https:\/\/bothmannspickups.dk\/wp-content\/uploads\/2022\/04\/186553413_294838815503958_8297606157512586450_n-300x300.jpg 300w, https:\/\/bothmannspickups.dk\/wp-content\/uploads\/2022\/04\/186553413_294838815503958_8297606157512586450_n-150x150.jpg 150w, https:\/\/bothmannspickups.dk\/wp-content\/uploads\/2022\/04\/186553413_294838815503958_8297606157512586450_n.jpg 608w\" sizes=\"auto, (max-width: 300px) 100vw, 300px\" \/><figcaption class=\"wp-element-caption\"><strong>MD-1 <\/strong><\/figcaption><\/figure>\n\n\n\n<div class=\"wp-block-group is-layout-flow wp-block-group-is-layout-flow\">\n<p class=\"has-text-align-center\"><strong>Dette er vores version af en super Distortion. med en keramisk magnet og en DCR p\u00e5 13,4Kohm er denne bridge pickup velegnet fra rock til den tungeste metal. <\/strong><\/p>\n\n\n\n<p class=\"has-text-align-center\"><strong>F\u00e5s i farverne hvid, sort, creme, zebra eller reverse zebra, med enten sort eller nikkel skruer. pris 700 kr.<\/strong><\/p>\n\n\n\n<p class=\"has-text-align-center\"><strong>Se hvad andre skriver om MD-1 <a href=\"https:\/\/bothmannspickups.dk\/?page_id=59\" target=\"_blank\" rel=\"noreferrer noopener\">her<\/a><\/strong><\/p>\n<\/div>\n\n\n\n<figure class=\"wp-block-image aligncenter size-medium\"><img loading=\"lazy\" decoding=\"async\" width=\"300\" height=\"300\" src=\"https:\/\/bothmannspickups.dk\/wp-content\/uploads\/2022\/04\/193946962_2947238632157950_6644368226853175802_n-300x300.jpg\" alt=\"\" class=\"wp-image-88\" srcset=\"https:\/\/bothmannspickups.dk\/wp-content\/uploads\/2022\/04\/193946962_2947238632157950_6644368226853175802_n-300x300.jpg 300w, https:\/\/bothmannspickups.dk\/wp-content\/uploads\/2022\/04\/193946962_2947238632157950_6644368226853175802_n-150x150.jpg 150w, https:\/\/bothmannspickups.dk\/wp-content\/uploads\/2022\/04\/193946962_2947238632157950_6644368226853175802_n.jpg 640w\" sizes=\"auto, (max-width: 300px) 100vw, 300px\" \/><figcaption class=\"wp-element-caption\"><strong>P.A.F. 59<\/strong><\/figcaption><\/figure>\n\n\n\n<p class=\"has-text-align-center\"><strong>Dette er en klassisk PAF 59 den nok mest ikoniske humbucker der findes. den kan det hele, jazz, blues til h\u00e5rd rock med en god fast bas til den n\u00e6sten single coil agtige glas diskant. en super allrounder. alnico 5 magnet. Neck 7,6Kohm bridge 8,2Kohm. <\/strong><\/p>\n\n\n\n<p class=\"has-text-align-center\"><strong>F\u00e5s i farverne hvid, sort, creme, zebra eller reverse zebra. pris 700 kr.                                     Med enten nikkel eller guld cover 850 kr.<\/strong><\/p>\n\n\n\n<figure class=\"wp-block-image aligncenter size-medium\"><img loading=\"lazy\" decoding=\"async\" width=\"300\" height=\"300\" src=\"https:\/\/bothmannspickups.dk\/wp-content\/uploads\/2022\/04\/57H-300x300.jpg\" alt=\"\" class=\"wp-image-100\" srcset=\"https:\/\/bothmannspickups.dk\/wp-content\/uploads\/2022\/04\/57H-300x300.jpg 300w, https:\/\/bothmannspickups.dk\/wp-content\/uploads\/2022\/04\/57H-150x150.jpg 150w, https:\/\/bothmannspickups.dk\/wp-content\/uploads\/2022\/04\/57H.jpg 640w\" sizes=\"auto, (max-width: 300px) 100vw, 300px\" \/><figcaption class=\"wp-element-caption\"><strong>P.A.F. 57<\/strong><\/figcaption><\/figure>\n\n\n\n<p class=\"has-text-align-center\"><strong>Dette er  PAF 57, forg\u00e6ngeren til 59&#8217;eren. den kan det hele, jazz, blues til rock med en mere tilbagel\u00e6net bas og en smooth mellemtone og diskant en rigtig god allrounder. alnico 2 magnet. Neck 7,6Kohm bridge 8,2Kohm.<\/strong> <strong>Se demo <a href=\"https:\/\/youtu.be\/rYpGm35q36M\" target=\"_blank\" rel=\"noreferrer noopener\">her<\/a><\/strong><\/p>\n\n\n\n<p class=\"has-text-align-center\"><strong>F\u00e5s i farverne hvid, sort, creme, zebra eller reverse zebra. pris 700 kr.                                                                                                    Med enten nikkel eller guld cover 850 kr.<\/strong><\/p>\n\n\n\n<figure class=\"wp-block-image aligncenter size-medium\"><img loading=\"lazy\" decoding=\"async\" width=\"300\" height=\"169\" src=\"https:\/\/bothmannspickups.dk\/wp-content\/uploads\/2023\/02\/59-th-1-300x169.jpg\" alt=\"\" class=\"wp-image-265\" srcset=\"https:\/\/bothmannspickups.dk\/wp-content\/uploads\/2023\/02\/59-th-1-300x169.jpg 300w, https:\/\/bothmannspickups.dk\/wp-content\/uploads\/2023\/02\/59-th-1-1024x577.jpg 1024w, https:\/\/bothmannspickups.dk\/wp-content\/uploads\/2023\/02\/59-th-1-768x433.jpg 768w, https:\/\/bothmannspickups.dk\/wp-content\/uploads\/2023\/02\/59-th-1-1536x865.jpg 1536w, https:\/\/bothmannspickups.dk\/wp-content\/uploads\/2023\/02\/59-th-1-2048x1154.jpg 2048w\" sizes=\"auto, (max-width: 300px) 100vw, 300px\" \/><figcaption class=\"wp-element-caption\">VHS-1 &amp; VHS-2<\/figcaption><\/figure>\n\n\n\n<p><strong>Vil du gerne have lyden fra EVH s\u00e5 er det her s\u00e6ttet for dig med Neck pickuppen  VHS-1 8Kohm og Bridge pickuppen VHS-2 p\u00e5 9,7Kohm er der saft og kraft til at f\u00e5 rock lyden fra 80&#8217;erne og 90&#8217;erne frem i guitaren. Se Martin Klajas demo <a href=\"https:\/\/youtu.be\/4bOsedX2Di4\" target=\"_blank\" rel=\"noreferrer noopener\">her<\/a><\/strong><\/p>\n\n\n\n<p><strong>F\u00e5s i farverne hvid, sort, creme, zebra eller reverse zebra. pris 700 kr. Med enten nikkel eller guld cover 850 kr.<\/strong><\/p>\n\n\n\n<p><\/p>\n\n\n\n<figure class=\"wp-block-image aligncenter size-medium\"><img loading=\"lazy\" decoding=\"async\" width=\"300\" height=\"300\" src=\"https:\/\/bothmannspickups.dk\/wp-content\/uploads\/2022\/04\/240456204_5989377531104888_5636649567447119321_n-300x300.jpg\" alt=\"\" class=\"wp-image-101\" srcset=\"https:\/\/bothmannspickups.dk\/wp-content\/uploads\/2022\/04\/240456204_5989377531104888_5636649567447119321_n-300x300.jpg 300w, https:\/\/bothmannspickups.dk\/wp-content\/uploads\/2022\/04\/240456204_5989377531104888_5636649567447119321_n-150x150.jpg 150w, https:\/\/bothmannspickups.dk\/wp-content\/uploads\/2022\/04\/240456204_5989377531104888_5636649567447119321_n.jpg 608w\" sizes=\"auto, (max-width: 300px) 100vw, 300px\" \/><figcaption class=\"wp-element-caption\"><strong>TH-1<\/strong><\/figcaption><\/figure>\n\n\n\n<p class=\"has-text-align-center\"><strong>Vores bedst s\u00e6lgende bridge pickup. En fantastisk pickup til blues, rock og tung heavy rock. med en Alnico 5 magnet og en heftig DCR p\u00e5 16,4Kohm er det en pickup som virkelig sparker R.. med en god fast bund, en mellemtone og diskant der st\u00e5r super skarp uden at pickuppen p\u00e5 noget tidspunkt bliver sk\u00e6rende i diskanten. Sammen med en paf 59 i necken f\u00e5r man et super s\u00e6t som bare spiller. Se S\u00f8ren Andersens  anmeldelse <a rel=\"noreferrer noopener\" href=\"https:\/\/youtu.be\/WHHClg9qbBA\" target=\"_blank\">her <\/a><\/strong> <\/p>\n\n\n\n<p class=\"has-text-align-center\"><strong>F\u00e5s i farverne hvid, sort, creme, zebra eller reverse zebra. pris 700 kr.                                                                                                    Med enten nikkel eller guld cover 850 kr.<\/strong><\/p>\n\n\n\n<figure class=\"wp-block-image aligncenter size-medium\"><img loading=\"lazy\" decoding=\"async\" width=\"300\" height=\"282\" src=\"https:\/\/bothmannspickups.dk\/wp-content\/uploads\/2022\/04\/P1000549-300x282.jpg\" alt=\"\" class=\"wp-image-112\" srcset=\"https:\/\/bothmannspickups.dk\/wp-content\/uploads\/2022\/04\/P1000549-300x282.jpg 300w, https:\/\/bothmannspickups.dk\/wp-content\/uploads\/2022\/04\/P1000549-1024x963.jpg 1024w, https:\/\/bothmannspickups.dk\/wp-content\/uploads\/2022\/04\/P1000549-768x722.jpg 768w, https:\/\/bothmannspickups.dk\/wp-content\/uploads\/2022\/04\/P1000549-1536x1444.jpg 1536w, https:\/\/bothmannspickups.dk\/wp-content\/uploads\/2022\/04\/P1000549-2048x1926.jpg 2048w\" sizes=\"auto, (max-width: 300px) 100vw, 300px\" \/><figcaption class=\"wp-element-caption\"><strong>WTH-!<\/strong><\/figcaption><\/figure>\n\n\n\n<p class=\"has-text-align-center\"><strong>Dette er vores vildeste s\u00e6t b\u00e5de neck og bridge pickup har 3 keramiske magneter og Neck DCR p\u00e5 13.4Kohm, bridge 16,5Kohm. vi snakker pickupper i den helt tunge ende af skalaen, med en fast bund og en meget dynamisk mellemtone og diskant<\/strong>.                        <strong>F\u00e5s i farverne hvid, sort, creme, zebra eller reverse zebra, med enten sort eller nikkel skruer. pris 800 kr.<\/strong> <strong>stk.<\/strong><\/p>\n\n\n\n<p><\/p>\n\n\n\n<figure class=\"wp-block-image aligncenter size-medium is-resized\"><img loading=\"lazy\" decoding=\"async\" width=\"300\" height=\"300\" src=\"https:\/\/bothmannspickups.dk\/wp-content\/uploads\/2024\/02\/Minihumbucker-300x300.jpg\" alt=\"\" class=\"wp-image-279\" style=\"width:300px;height:auto\" srcset=\"https:\/\/bothmannspickups.dk\/wp-content\/uploads\/2024\/02\/Minihumbucker-300x300.jpg 300w, https:\/\/bothmannspickups.dk\/wp-content\/uploads\/2024\/02\/Minihumbucker-1024x1024.jpg 1024w, https:\/\/bothmannspickups.dk\/wp-content\/uploads\/2024\/02\/Minihumbucker-150x150.jpg 150w, https:\/\/bothmannspickups.dk\/wp-content\/uploads\/2024\/02\/Minihumbucker-768x768.jpg 768w, https:\/\/bothmannspickups.dk\/wp-content\/uploads\/2024\/02\/Minihumbucker-1536x1536.jpg 1536w, https:\/\/bothmannspickups.dk\/wp-content\/uploads\/2024\/02\/Minihumbucker-2048x2048.jpg 2048w\" sizes=\"auto, (max-width: 300px) 100vw, 300px\" \/><figcaption class=\"wp-element-caption\">Mini Humbucker<\/figcaption><\/figure>\n\n\n\n<p class=\"has-text-align-center\"><strong>Dette er vores Mini Humbucker. Neck p\u00e5 7,2Kohm og bridge p\u00e5 7,6Kohm. her f\u00e5r du en pickup der l\u00e6gger sig imellem en singlecoil og en humbucker, med en renere lysere tone end en fullsize humbucker, samtidig med at man beholder humbuckerens noise cancelling effekt. pris 850 kr. stk.<\/strong><\/p>\n\n\n\n<p><\/p>\n\n\n\n<p><\/p>\n\n\n\n<figure class=\"wp-block-image aligncenter size-medium\"><img loading=\"lazy\" decoding=\"async\" width=\"300\" height=\"200\" src=\"https:\/\/bothmannspickups.dk\/wp-content\/uploads\/2022\/04\/ColorBobbins-1024x681-1-300x200.jpg\" alt=\"\" class=\"wp-image-115\" srcset=\"https:\/\/bothmannspickups.dk\/wp-content\/uploads\/2022\/04\/ColorBobbins-1024x681-1-300x200.jpg 300w, https:\/\/bothmannspickups.dk\/wp-content\/uploads\/2022\/04\/ColorBobbins-1024x681-1-768x511.jpg 768w, https:\/\/bothmannspickups.dk\/wp-content\/uploads\/2022\/04\/ColorBobbins-1024x681-1.jpg 1024w\" sizes=\"auto, (max-width: 300px) 100vw, 300px\" \/><figcaption class=\"wp-element-caption\"><strong>Andre farver kan bestilles.<\/strong><\/figcaption><\/figure>\n\n\n\n<figure class=\"wp-block-image aligncenter size-medium\"><img loading=\"lazy\" decoding=\"async\" width=\"300\" height=\"261\" src=\"https:\/\/bothmannspickups.dk\/wp-content\/uploads\/2022\/04\/relic2-300x261.jpg\" alt=\"\" class=\"wp-image-141\" srcset=\"https:\/\/bothmannspickups.dk\/wp-content\/uploads\/2022\/04\/relic2-300x261.jpg 300w, https:\/\/bothmannspickups.dk\/wp-content\/uploads\/2022\/04\/relic2-768x668.jpg 768w, https:\/\/bothmannspickups.dk\/wp-content\/uploads\/2022\/04\/relic2.jpg 948w\" sizes=\"auto, (max-width: 300px) 100vw, 300px\" \/><figcaption class=\"wp-element-caption\"><strong>Relic +150kr<\/strong><\/figcaption><\/figure>\n\n\n\n<p class=\"has-text-align-center\"><\/p>\n","protected":false},"excerpt":{"rendered":"<p>Dette er vores version af en super Distortion. med en keramisk magnet og en DCR p\u00e5 13,4Kohm er denne bridge pickup velegnet fra rock til den tungeste metal. F\u00e5s i farverne hvid, sort, creme, zebra eller reverse zebra, med enten sort eller nikkel skruer. pris 700 kr. Se hvad andre skriver om MD-1 her Dette [&hellip;]<\/p>\n","protected":false},"author":1,"featured_media":0,"parent":0,"menu_order":0,"comment_status":"closed","ping_status":"closed","template":"","meta":{"footnotes":""},"class_list":["post-76","page","type-page","status-publish","hentry"],"_links":{"self":[{"href":"https:\/\/bothmannspickups.dk\/index.php?rest_route=\/wp\/v2\/pages\/76","targetHints":{"allow":["GET"]}}],"collection":[{"href":"https:\/\/bothmannspickups.dk\/index.php?rest_route=\/wp\/v2\/pages"}],"about":[{"href":"https:\/\/bothmannspickups.dk\/index.php?rest_route=\/wp\/v2\/types\/page"}],"author":[{"embeddable":true,"href":"https:\/\/bothmannspickups.dk\/index.php?rest_route=\/wp\/v2\/users\/1"}],"replies":[{"embeddable":true,"href":"https:\/\/bothmannspickups.dk\/index.php?rest_route=%2Fwp%2Fv2%2Fcomments&post=76"}],"version-history":[{"count":27,"href":"https:\/\/bothmannspickups.dk\/index.php?rest_route=\/wp\/v2\/pages\/76\/revisions"}],"predecessor-version":[{"id":288,"href":"https:\/\/bothmannspickups.dk\/index.php?rest_route=\/wp\/v2\/pages\/76\/revisions\/288"}],"wp:attachment":[{"href":"https:\/\/bothmannspickups.dk\/index.php?rest_route=%2Fwp%2Fv2%2Fmedia&parent=76"}],"curies":[{"name":"wp","href":"https:\/\/api.w.org\/{rel}","templated":true}]}}