{"id":94,"date":"2022-04-20T08:49:15","date_gmt":"2022-04-20T08:49:15","guid":{"rendered":"https:\/\/bothmannspickups.dk\/?page_id=94"},"modified":"2024-02-13T16:48:11","modified_gmt":"2024-02-13T16:48:11","slug":"p90","status":"publish","type":"page","link":"https:\/\/bothmannspickups.dk\/?page_id=94","title":{"rendered":"P90"},"content":{"rendered":"\n<figure class=\"wp-block-image aligncenter size-medium\"><img loading=\"lazy\" decoding=\"async\" width=\"300\" height=\"186\" src=\"https:\/\/bothmannspickups.dk\/wp-content\/uploads\/2022\/04\/P90-Dogear-300x186.jpg\" alt=\"\" class=\"wp-image-119\" srcset=\"https:\/\/bothmannspickups.dk\/wp-content\/uploads\/2022\/04\/P90-Dogear-300x186.jpg 300w, https:\/\/bothmannspickups.dk\/wp-content\/uploads\/2022\/04\/P90-Dogear-1024x636.jpg 1024w, https:\/\/bothmannspickups.dk\/wp-content\/uploads\/2022\/04\/P90-Dogear-768x477.jpg 768w, https:\/\/bothmannspickups.dk\/wp-content\/uploads\/2022\/04\/P90-Dogear-1536x954.jpg 1536w, https:\/\/bothmannspickups.dk\/wp-content\/uploads\/2022\/04\/P90-Dogear-2048x1272.jpg 2048w\" sizes=\"auto, (max-width: 300px) 100vw, 300px\" \/><figcaption class=\"wp-element-caption\"><strong>P90 Dog ear<\/strong><\/figcaption><\/figure>\n\n\n\n<figure class=\"wp-block-image aligncenter size-medium is-resized\"><img loading=\"lazy\" decoding=\"async\" width=\"300\" height=\"272\" src=\"https:\/\/bothmannspickups.dk\/wp-content\/uploads\/2023\/01\/Soapbar-300x272.jpg\" alt=\"\" class=\"wp-image-261\" style=\"width:234px;height:212px\" srcset=\"https:\/\/bothmannspickups.dk\/wp-content\/uploads\/2023\/01\/Soapbar-300x272.jpg 300w, https:\/\/bothmannspickups.dk\/wp-content\/uploads\/2023\/01\/Soapbar-1024x929.jpg 1024w, https:\/\/bothmannspickups.dk\/wp-content\/uploads\/2023\/01\/Soapbar-768x697.jpg 768w, https:\/\/bothmannspickups.dk\/wp-content\/uploads\/2023\/01\/Soapbar-1536x1393.jpg 1536w, https:\/\/bothmannspickups.dk\/wp-content\/uploads\/2023\/01\/Soapbar-2048x1858.jpg 2048w\" sizes=\"auto, (max-width: 300px) 100vw, 300px\" \/><figcaption class=\"wp-element-caption\"><strong>P90 Soapbar<\/strong><\/figcaption><\/figure>\n\n\n\n<p class=\"has-text-align-center\">En klassisk P90 med alnico 2\/4 eller 5 magneter.  750kr.- sort eller creme cover +50kr Soapbar kan ogs\u00e5 f\u00e5s i nikkle +150kr. Se demo <a href=\"https:\/\/youtu.be\/dagMXgetrvA\" target=\"_blank\" rel=\"noreferrer noopener\">her<\/a><\/p>\n\n\n\n<p><\/p>\n\n\n\n<figure class=\"wp-block-image aligncenter size-medium\"><img loading=\"lazy\" decoding=\"async\" width=\"300\" height=\"192\" src=\"https:\/\/bothmannspickups.dk\/wp-content\/uploads\/2022\/04\/P1001639-300x192.jpg\" alt=\"\" class=\"wp-image-120\" srcset=\"https:\/\/bothmannspickups.dk\/wp-content\/uploads\/2022\/04\/P1001639-300x192.jpg 300w, https:\/\/bothmannspickups.dk\/wp-content\/uploads\/2022\/04\/P1001639-1024x656.jpg 1024w, https:\/\/bothmannspickups.dk\/wp-content\/uploads\/2022\/04\/P1001639-768x492.jpg 768w, https:\/\/bothmannspickups.dk\/wp-content\/uploads\/2022\/04\/P1001639-1536x984.jpg 1536w, https:\/\/bothmannspickups.dk\/wp-content\/uploads\/2022\/04\/P1001639-2048x1312.jpg 2048w\" sizes=\"auto, (max-width: 300px) 100vw, 300px\" \/><figcaption class=\"wp-element-caption\"><strong>P90 HB<\/strong><\/figcaption><\/figure>\n\n\n\n<p class=\"has-text-align-center\"><strong>Vores P90HB er opbygget med en special designet Bobbin (den der holder spole tr\u00e5den) for at kunne bruge den rigtige tykkelse tr\u00e5d (AWG 42) og ikke som mange andre der benytter en tyndere tr\u00e5d for at opn\u00e5 den rette Ohmske modstand. s\u00e5 med vores P90HB f\u00e5r du den rigtige lyd af P90 uden at skulle g\u00e5 p\u00e5 kompromis. Neck DCR 7,4 og Bridge 7,9 Kohm. 750Kr stk.   Se demo <a href=\"https:\/\/youtu.be\/k_ju2nl60MY\">her<\/a><\/strong><\/p>\n\n\n\n<p><\/p>\n\n\n\n<p><\/p>\n","protected":false},"excerpt":{"rendered":"<p>En klassisk P90 med alnico 2\/4 eller 5 magneter. 750kr.- sort eller creme cover +50kr Soapbar kan ogs\u00e5 f\u00e5s i nikkle +150kr. Se demo her Vores P90HB er opbygget med en special designet Bobbin (den der holder spole tr\u00e5den) for at kunne bruge den rigtige tykkelse tr\u00e5d (AWG 42) og ikke som mange andre der [&hellip;]<\/p>\n","protected":false},"author":1,"featured_media":0,"parent":0,"menu_order":0,"comment_status":"closed","ping_status":"closed","template":"","meta":{"footnotes":""},"class_list":["post-94","page","type-page","status-publish","hentry"],"_links":{"self":[{"href":"https:\/\/bothmannspickups.dk\/index.php?rest_route=\/wp\/v2\/pages\/94","targetHints":{"allow":["GET"]}}],"collection":[{"href":"https:\/\/bothmannspickups.dk\/index.php?rest_route=\/wp\/v2\/pages"}],"about":[{"href":"https:\/\/bothmannspickups.dk\/index.php?rest_route=\/wp\/v2\/types\/page"}],"author":[{"embeddable":true,"href":"https:\/\/bothmannspickups.dk\/index.php?rest_route=\/wp\/v2\/users\/1"}],"replies":[{"embeddable":true,"href":"https:\/\/bothmannspickups.dk\/index.php?rest_route=%2Fwp%2Fv2%2Fcomments&post=94"}],"version-history":[{"count":8,"href":"https:\/\/bothmannspickups.dk\/index.php?rest_route=\/wp\/v2\/pages\/94\/revisions"}],"predecessor-version":[{"id":278,"href":"https:\/\/bothmannspickups.dk\/index.php?rest_route=\/wp\/v2\/pages\/94\/revisions\/278"}],"wp:attachment":[{"href":"https:\/\/bothmannspickups.dk\/index.php?rest_route=%2Fwp%2Fv2%2Fmedia&parent=94"}],"curies":[{"name":"wp","href":"https:\/\/api.w.org\/{rel}","templated":true}]}}