{"id":98,"date":"2022-04-20T08:51:55","date_gmt":"2022-04-20T08:51:55","guid":{"rendered":"https:\/\/bothmannspickups.dk\/?page_id=98"},"modified":"2024-02-13T16:47:26","modified_gmt":"2024-02-13T16:47:26","slug":"jazz-master","status":"publish","type":"page","link":"https:\/\/bothmannspickups.dk\/?page_id=98","title":{"rendered":"Jazz master"},"content":{"rendered":"\n<figure class=\"wp-block-image aligncenter size-medium\"><img loading=\"lazy\" decoding=\"async\" width=\"300\" height=\"289\" src=\"https:\/\/bothmannspickups.dk\/wp-content\/uploads\/2022\/04\/Jazz-1-300x289.jpg\" alt=\"\" class=\"wp-image-129\" srcset=\"https:\/\/bothmannspickups.dk\/wp-content\/uploads\/2022\/04\/Jazz-1-300x289.jpg 300w, https:\/\/bothmannspickups.dk\/wp-content\/uploads\/2022\/04\/Jazz-1.jpg 743w\" sizes=\"auto, (max-width: 300px) 100vw, 300px\" \/><figcaption class=\"wp-element-caption\"><strong>Jazzmaster<\/strong> <strong>Nuovo<\/strong><\/figcaption><\/figure>\n\n\n\n<p class=\"has-text-align-center\"><strong>Hvis du kunne t\u00e6nke dig et s\u00e6t Jazzmaster pickupper med masser af bid og en god bund s\u00e5 er det her s\u00e6t lige dig med en Neck p\u00e5 DCR 8,4Kohm og en Bridge p\u00e5 9Kohm er der lagt op til masser af sm\u00e6k. <\/strong><\/p>\n\n\n\n<figure class=\"wp-block-image aligncenter size-medium\"><img loading=\"lazy\" decoding=\"async\" width=\"300\" height=\"293\" src=\"https:\/\/bothmannspickups.dk\/wp-content\/uploads\/2022\/06\/JM_vintage-300x293.jpg\" alt=\"\" class=\"wp-image-199\" srcset=\"https:\/\/bothmannspickups.dk\/wp-content\/uploads\/2022\/06\/JM_vintage-300x293.jpg 300w, https:\/\/bothmannspickups.dk\/wp-content\/uploads\/2022\/06\/JM_vintage-1024x999.jpg 1024w, https:\/\/bothmannspickups.dk\/wp-content\/uploads\/2022\/06\/JM_vintage-768x750.jpg 768w, https:\/\/bothmannspickups.dk\/wp-content\/uploads\/2022\/06\/JM_vintage.jpg 1080w\" sizes=\"auto, (max-width: 300px) 100vw, 300px\" \/><figcaption class=\"wp-element-caption\"><strong>JM Classic<\/strong><\/figcaption><\/figure>\n\n\n\n<p class=\"has-text-align-center\"><strong>Med vores Jazzmaster classic f\u00e5r du et s\u00e6t medium output pickupper med en klassisk fender vintage jazzmaster lyd med en glassy diskant og masser af dynamik. Neck DCR 6,9Komh Bridge DCR 8,3Kohm. 700 Kr pr. stk. S\u00e6t 1400Kr.<\/strong> <strong>Se hvad andre skriver om JM Classic <a href=\"https:\/\/bothmannspickups.dk\/?page_id=59\" target=\"_blank\" rel=\"noreferrer noopener\">her<\/a><\/strong><\/p>\n\n\n\n<p><\/p>\n\n\n\n<p><\/p>\n\n\n\n<p><\/p>\n\n\n\n<p><\/p>\n","protected":false},"excerpt":{"rendered":"<p>Hvis du kunne t\u00e6nke dig et s\u00e6t Jazzmaster pickupper med masser af bid og en god bund s\u00e5 er det her s\u00e6t lige dig med en Neck p\u00e5 DCR 8,4Kohm og en Bridge p\u00e5 9Kohm er der lagt op til masser af sm\u00e6k. Med vores Jazzmaster classic f\u00e5r du et s\u00e6t medium output pickupper med [&hellip;]<\/p>\n","protected":false},"author":1,"featured_media":0,"parent":0,"menu_order":0,"comment_status":"closed","ping_status":"closed","template":"","meta":{"footnotes":""},"class_list":["post-98","page","type-page","status-publish","hentry"],"_links":{"self":[{"href":"https:\/\/bothmannspickups.dk\/index.php?rest_route=\/wp\/v2\/pages\/98","targetHints":{"allow":["GET"]}}],"collection":[{"href":"https:\/\/bothmannspickups.dk\/index.php?rest_route=\/wp\/v2\/pages"}],"about":[{"href":"https:\/\/bothmannspickups.dk\/index.php?rest_route=\/wp\/v2\/types\/page"}],"author":[{"embeddable":true,"href":"https:\/\/bothmannspickups.dk\/index.php?rest_route=\/wp\/v2\/users\/1"}],"replies":[{"embeddable":true,"href":"https:\/\/bothmannspickups.dk\/index.php?rest_route=%2Fwp%2Fv2%2Fcomments&post=98"}],"version-history":[{"count":6,"href":"https:\/\/bothmannspickups.dk\/index.php?rest_route=\/wp\/v2\/pages\/98\/revisions"}],"predecessor-version":[{"id":277,"href":"https:\/\/bothmannspickups.dk\/index.php?rest_route=\/wp\/v2\/pages\/98\/revisions\/277"}],"wp:attachment":[{"href":"https:\/\/bothmannspickups.dk\/index.php?rest_route=%2Fwp%2Fv2%2Fmedia&parent=98"}],"curies":[{"name":"wp","href":"https:\/\/api.w.org\/{rel}","templated":true}]}}